{"id":833,"date":"2022-07-25T22:52:52","date_gmt":"2022-07-25T20:52:52","guid":{"rendered":"https:\/\/campingtatarak.pl\/?page_id=833"},"modified":"2024-07-19T19:12:12","modified_gmt":"2024-07-19T17:12:12","slug":"privacy-policy","status":"publish","type":"page","link":"https:\/\/campingtatarak.pl\/en\/privacy-policy\/","title":{"rendered":"Privacy Policy"},"content":{"rendered":"\t\t<div data-elementor-type=\"wp-post\" data-elementor-id=\"833\" class=\"elementor elementor-833\">\n\t\t\t\t\t\t<section class=\"elementor-section elementor-top-section elementor-element elementor-element-33a79095 elementor-section-boxed elementor-section-height-default elementor-section-height-default\" data-id=\"33a79095\" data-element_type=\"section\" data-e-type=\"section\" data-settings=\"{&quot;background_background&quot;:&quot;classic&quot;}\">\n\t\t\t\t\t\t\t<div class=\"elementor-background-overlay\"><\/div>\n\t\t\t\t\t\t\t<div class=\"elementor-container elementor-column-gap-default\">\n\t\t\t\t\t<div class=\"elementor-column elementor-col-100 elementor-top-column elementor-element elementor-element-3706530d\" data-id=\"3706530d\" data-element_type=\"column\" data-e-type=\"column\">\n\t\t\t<div class=\"elementor-widget-wrap elementor-element-populated\">\n\t\t\t\t\t\t\t<\/div>\n\t\t<\/div>\n\t\t\t\t\t<\/div>\n\t\t<\/section>\n\t\t\t\t<section class=\"elementor-section elementor-top-section elementor-element elementor-element-d50aa66 elementor-section-boxed elementor-section-height-default elementor-section-height-default\" data-id=\"d50aa66\" data-element_type=\"section\" data-e-type=\"section\">\n\t\t\t\t\t\t<div class=\"elementor-container elementor-column-gap-default\">\n\t\t\t\t\t<div class=\"elementor-column elementor-col-100 elementor-top-column elementor-element elementor-element-a4273d1\" data-id=\"a4273d1\" data-element_type=\"column\" data-e-type=\"column\">\n\t\t\t<div class=\"elementor-widget-wrap elementor-element-populated\">\n\t\t\t\t\t\t<div class=\"elementor-element elementor-element-614f095 elementor-widget elementor-widget-text-editor\" data-id=\"614f095\" data-element_type=\"widget\" data-e-type=\"widget\" data-widget_type=\"text-editor.default\">\n\t\t\t\t<div class=\"elementor-widget-container\">\n\t\t\t\t\t\t\t\t\t<p style=\"mso-margin-top-alt: auto; mso-margin-bottom-alt: auto; text-align: center; line-height: normal;\" align=\"center\"><b><span style=\"font-size: 12.0pt; font-family: 'Times New Roman',serif; mso-fareast-font-family: 'Times New Roman'; mso-fareast-language: PL;\">OBOWI\u0104ZEK INFORMACYJNY <\/span><\/b><\/p><p style=\"mso-margin-top-alt: auto; margin-bottom: 0cm; text-align: justify; line-height: normal;\"><span style=\"font-family: 'Times New Roman',serif; mso-fareast-font-family: 'Times New Roman'; mso-fareast-language: PL;\">Na podstawie art. 13 ust. 1 i 2 Rozporz\u0105dzenia Parlamentu Europejskiego i Rady (UE) 2016\/679 z 27 kwietnia 2016 r. w sprawie ochrony os\u00f3b fizycznych w zwi\u0105zku z przetwarzaniem danych osobowych i w sprawie swobodnego przep\u0142ywu takich danych oraz uchylenia dyrektywy 95\/46\/WE (Dz.U. UE.L. z 2016 r. Nr 119, s.1 ze zm.) &#8211; dalej: \u201eRODO\u201d informuj\u0119, \u017ce:<\/span><\/p><ol start=\"1\" type=\"1\"><li style=\"mso-margin-top-alt: auto; mso-margin-bottom-alt: auto; text-align: justify; line-height: normal; mso-list: l3 level1 lfo1; tab-stops: list 36.0pt;\"><span style=\"font-family: 'Times New Roman',serif; mso-fareast-font-family: 'Times New Roman'; mso-fareast-language: PL;\">Administratorem Pa\u0144stwa danych jest Pole Namiotowe Danuta Tomaszewska<br \/>(ul. Parkowa 3, 88-410 G\u0105sawa; telefon: 535\u00a0974 518) NIP: 562-124-17-02.<\/span><\/li><li style=\"mso-margin-top-alt: auto; mso-margin-bottom-alt: auto; text-align: justify; line-height: normal; mso-list: l3 level1 lfo1; tab-stops: list 36.0pt;\"><span style=\"font-family: 'Times New Roman',serif; mso-fareast-font-family: 'Times New Roman'; mso-fareast-language: PL;\">Z Administratorem mog\u0105 si\u0119 Pa\u0144stwo kontaktowa\u0107 we wszystkich sprawach dotycz\u0105cych przetwarzania danych osobowych za po\u015brednictwem adresu email: camping.tatarak@gmail.com lub pisemnie na adres Administratora.<\/span><\/li><li style=\"mso-margin-top-alt: auto; margin-bottom: 0cm; text-align: justify; line-height: normal; mso-list: l3 level1 lfo1; tab-stops: list 36.0pt;\"><span style=\"font-family: 'Times New Roman',serif; mso-fareast-font-family: 'Times New Roman'; mso-fareast-language: PL;\">Pa\u0144stwa dane osobowe b\u0119d\u0105 przetwarzane w celu realizacji udost\u0119pnionych przez firm\u0119 us\u0142ug:<\/span><\/li><\/ol><p style=\"mso-margin-top-alt: auto; mso-margin-bottom-alt: auto; margin-left: 75.25pt; mso-add-space: auto; text-align: justify; text-indent: -18.0pt; line-height: normal; mso-list: l1 level1 lfo3;\"><!-- [if !supportLists]--><span style=\"font-family: 'Times New Roman',serif; mso-fareast-font-family: 'Times New Roman'; mso-fareast-language: PL;\">a)<span style=\"font-variant-numeric: normal; font-variant-east-asian: normal; font-stretch: normal; font-size: 7pt; line-height: normal; font-family: 'Times New Roman';\">\u00a0\u00a0\u00a0\u00a0\u00a0 <\/span><\/span><!--[endif]--><span style=\"font-family: 'Times New Roman',serif; mso-fareast-font-family: 'Times New Roman'; mso-fareast-language: PL;\">przez czas wykonania obowi\u0105zk\u00f3w (np. wystawienie dowodu wp\u0142aty, faktury),<\/span><\/p><p style=\"mso-margin-top-alt: auto; mso-margin-bottom-alt: auto; margin-left: 75.25pt; mso-add-space: auto; text-align: justify; text-indent: -18.0pt; line-height: normal; mso-list: l1 level1 lfo3;\"><!-- [if !supportLists]--><span style=\"font-family: 'Times New Roman',serif; mso-fareast-font-family: 'Times New Roman'; mso-fareast-language: PL;\">b)<span style=\"font-variant-numeric: normal; font-variant-east-asian: normal; font-stretch: normal; font-size: 7pt; line-height: normal; font-family: 'Times New Roman';\">\u00a0\u00a0\u00a0\u00a0 <\/span><\/span><!--[endif]--><span style=\"font-family: 'Times New Roman',serif; mso-fareast-font-family: 'Times New Roman'; mso-fareast-language: PL;\">przez czas, w kt\u00f3rym przepisy nakazuj\u0105 nam przechowywa\u0107 dane, np. podatkowe,<\/span><\/p><p style=\"mso-margin-top-alt: auto; mso-margin-bottom-alt: auto; margin-left: 75.25pt; mso-add-space: auto; text-align: justify; text-indent: -18.0pt; line-height: normal; mso-list: l1 level1 lfo3;\"><!-- [if !supportLists]--><span style=\"font-family: 'Times New Roman',serif; mso-fareast-font-family: 'Times New Roman'; mso-fareast-language: PL;\">c)<span style=\"font-variant-numeric: normal; font-variant-east-asian: normal; font-stretch: normal; font-size: 7pt; line-height: normal; font-family: 'Times New Roman';\">\u00a0\u00a0\u00a0\u00a0\u00a0 <\/span><\/span><!--[endif]--><span style=\"font-family: 'Times New Roman',serif; mso-fareast-font-family: 'Times New Roman'; mso-fareast-language: PL;\">przez czas, w kt\u00f3rym mo\u017cemy ponie\u015b\u0107 konsekwencje prawne niewykonania obowi\u0105zku, np. otrzyma\u0107 kar\u0119 finansow\u0105 od urz\u0119d\u00f3w pa\u0144stwowych,<\/span><\/p><p style=\"mso-margin-top-alt: auto; margin-bottom: 0cm; margin-left: 75.25pt; mso-add-space: auto; text-align: justify; text-indent: -18.0pt; line-height: normal; mso-list: l1 level1 lfo3;\"><!-- [if !supportLists]--><span style=\"font-family: 'Times New Roman',serif; mso-fareast-font-family: 'Times New Roman'; mso-fareast-language: PL;\">d)<span style=\"font-variant-numeric: normal; font-variant-east-asian: normal; font-stretch: normal; font-size: 7pt; line-height: normal; font-family: 'Times New Roman';\">\u00a0\u00a0\u00a0\u00a0 <\/span><\/span><!--[endif]--><span style=\"font-family: 'Times New Roman',serif; mso-fareast-font-family: 'Times New Roman'; mso-fareast-language: PL;\">przez czas 5 lat od ostatniej wykonanej czynno\u015bci w celach marketingu bezpo\u015bredniego<\/span><\/p><p style=\"mso-margin-top-alt: auto; margin-bottom: 0cm; margin-left: 75.25pt; mso-add-space: auto; text-align: justify; text-indent: -18.0pt; line-height: normal; mso-list: l1 level1 lfo3;\"><span style=\"font-family: 'Times New Roman',serif; mso-fareast-font-family: 'Times New Roman'; mso-fareast-language: PL;\">\u00a0<\/span><\/p><p style=\"mso-margin-top-alt: auto; margin-bottom: 0cm; text-align: justify; line-height: normal;\"><span style=\"font-family: 'Times New Roman',serif; mso-fareast-font-family: 'Times New Roman'; mso-fareast-language: PL;\">na podstawie art. 6 ust. 1 pkt b, c, f Rozporz\u0105dzenia Parlamentu Europejskiego i Rady (UE) 2016\/679 <br \/>z dnia 27 kwietnia 2016 r. w sprawie ochrony os\u00f3b fizycznych w zwi\u0105zku z przetwarzaniem danych osobowych i w sprawie swobodnego przep\u0142ywu takich danych oraz uchylenia dyrektywy 95\/46\/WE (RODO).<\/span><\/p><p style=\"mso-margin-top-alt: auto; margin-bottom: 0cm; text-align: justify; line-height: normal;\"><span style=\"font-family: 'Times New Roman',serif; mso-fareast-font-family: 'Times New Roman'; mso-fareast-language: PL;\">W przypadku konieczno\u015bci dostarczenia pisma dane osobowe mog\u0105 by\u0107 udost\u0119pnione operatorom pocztowym lub przewo\u017anikom wy\u0142\u0105cznie w celu dostarczenia pisma, podmiotom prowadz\u0105cym dzia\u0142alno\u015b\u0107 p\u0142atnicz\u0105 (banki, instytucje p\u0142atnicze), w celu dokonania zwrot\u00f3w na Pa\u0144stwa rzecz lub w celu zapewnienia dzia\u0142ania us\u0142ugi przelew\u00f3w natychmiastowych, podmiotom nabywaj\u0105cym wierzytelno\u015bci w razie nieop\u0142acenia przez Pa\u0144stwa naszych rachunk\u00f3w w terminie, podmiotom wsp\u00f3\u0142pracuj\u0105cym z nami przy obs\u0142udze spraw ksi\u0119gowych, podatkowych, prawnych w zakresie, <br \/>w jakim stan\u0105 si\u0119 administratorem danych, pracownikom firmy AGROBISNES PARK Sp. z o.o.<\/span><\/p><p style=\"mso-margin-bottom-alt: auto; text-align: justify; line-height: normal;\"><span style=\"font-family: 'Times New Roman',serif; mso-fareast-font-family: 'Times New Roman'; mso-fareast-language: PL;\">W innych przypadkach dane osobowe mog\u0105 by\u0107 ujawnione podmiotom wy\u0142\u0105cznie na podstawie przepis\u00f3w prawa.<\/span><\/p><ol start=\"4\" type=\"1\"><li style=\"mso-margin-top-alt: auto; mso-margin-bottom-alt: auto; text-align: justify; line-height: normal; mso-list: l3 level1 lfo1; tab-stops: list 36.0pt;\"><span style=\"font-family: 'Times New Roman',serif; mso-fareast-font-family: 'Times New Roman'; mso-fareast-language: PL;\">Pa\u0144stwa dane osobowe b\u0119d\u0105 przetwarzane przez okres niezb\u0119dny do realizacji ww. celu <br \/>z uwzgl\u0119dnieniem okres\u00f3w przechowywania okre\u015blonych w przepisach szczeg\u00f3lnych, w tym przepis\u00f3w archiwalnych i b\u0119d\u0105 przechowywane przez okres 5 lat od ostatniej czynno\u015bci wykonanej na danych.<\/span><\/li><li style=\"mso-margin-top-alt: auto; mso-margin-bottom-alt: auto; text-align: justify; line-height: normal; mso-list: l3 level1 lfo1; tab-stops: list 36.0pt;\"><span style=\"font-family: 'Times New Roman',serif; mso-fareast-font-family: 'Times New Roman'; mso-fareast-language: PL;\">Pa\u0144stwa dane nie b\u0119d\u0105 przetwarzane w spos\u00f3b zautomatyzowany, w tym nie b\u0119d\u0105 podlega\u0107 profilowaniu.<\/span><\/li><li style=\"mso-margin-top-alt: auto; mso-margin-bottom-alt: auto; text-align: justify; line-height: normal; mso-list: l3 level1 lfo1; tab-stops: list 36.0pt;\"><span style=\"font-family: 'Times New Roman',serif; mso-fareast-font-family: 'Times New Roman'; mso-fareast-language: PL;\">Pa\u0144stwa dane osobowe nie b\u0119d\u0105 przekazywane poza Europejski Obszar Gospodarczy (obejmuj\u0105cy Uni\u0119 Europejsk\u0105, Norwegi\u0119, Liechtenstein i Islandi\u0119).<\/span><\/li><li style=\"mso-margin-top-alt: auto; mso-margin-bottom-alt: auto; text-align: justify; line-height: normal; mso-list: l3 level1 lfo1; tab-stops: list 36.0pt;\"><span style=\"font-family: 'Times New Roman',serif; mso-fareast-font-family: 'Times New Roman'; mso-fareast-language: PL;\">W zwi\u0105zku z przetwarzaniem Pa\u0144stwa danych osobowych, przys\u0142uguj\u0105 Pa\u0144stwu nast\u0119puj\u0105ce prawa:<\/span><\/li><\/ol><p style=\"mso-margin-top-alt: auto; mso-margin-bottom-alt: auto; margin-left: 72.0pt; mso-add-space: auto; text-align: justify; text-indent: -18.0pt; line-height: normal; mso-list: l0 level1 lfo4;\"><!-- [if !supportLists]--><span style=\"font-family: 'Times New Roman',serif; mso-fareast-font-family: 'Times New Roman'; mso-fareast-language: PL;\">a)<span style=\"font-variant-numeric: normal; font-variant-east-asian: normal; font-stretch: normal; font-size: 7pt; line-height: normal; font-family: 'Times New Roman';\">\u00a0\u00a0\u00a0\u00a0\u00a0 <\/span><\/span><!--[endif]--><span style=\"font-family: 'Times New Roman',serif; mso-fareast-font-family: 'Times New Roman'; mso-fareast-language: PL;\">prawo dost\u0119pu do swoich danych oraz otrzymania ich kopii;<\/span><\/p><p style=\"mso-margin-top-alt: auto; mso-margin-bottom-alt: auto; margin-left: 72.0pt; mso-add-space: auto; text-align: justify; text-indent: -18.0pt; line-height: normal; mso-list: l0 level1 lfo4;\"><!-- [if !supportLists]--><span style=\"font-family: 'Times New Roman',serif; mso-fareast-font-family: 'Times New Roman'; mso-fareast-language: PL;\">b)<span style=\"font-variant-numeric: normal; font-variant-east-asian: normal; font-stretch: normal; font-size: 7pt; line-height: normal; font-family: 'Times New Roman';\">\u00a0\u00a0\u00a0\u00a0 <\/span><\/span><!--[endif]--><span style=\"font-family: 'Times New Roman',serif; mso-fareast-font-family: 'Times New Roman'; mso-fareast-language: PL;\">prawo do sprostowania (poprawiania) swoich danych osobowych;<\/span><\/p><p style=\"mso-margin-top-alt: auto; mso-margin-bottom-alt: auto; margin-left: 72.0pt; mso-add-space: auto; text-align: justify; text-indent: -18.0pt; line-height: normal; mso-list: l0 level1 lfo4;\"><!-- [if !supportLists]--><span style=\"font-family: 'Times New Roman',serif; mso-fareast-font-family: 'Times New Roman'; mso-fareast-language: PL;\">c)<span style=\"font-variant-numeric: normal; font-variant-east-asian: normal; font-stretch: normal; font-size: 7pt; line-height: normal; font-family: 'Times New Roman';\">\u00a0\u00a0\u00a0\u00a0\u00a0 <\/span><\/span><!--[endif]--><span style=\"font-family: 'Times New Roman',serif; mso-fareast-font-family: 'Times New Roman'; mso-fareast-language: PL;\">prawo do ograniczenia przetwarzania danych osobowych;<\/span><\/p><p style=\"mso-margin-top-alt: auto; mso-margin-bottom-alt: auto; margin-left: 72.0pt; mso-add-space: auto; text-align: justify; text-indent: -18.0pt; line-height: normal; mso-list: l0 level1 lfo4;\"><!-- [if !supportLists]--><span style=\"font-family: 'Times New Roman',serif; mso-fareast-font-family: 'Times New Roman'; mso-fareast-language: PL;\">d)<span style=\"font-variant-numeric: normal; font-variant-east-asian: normal; font-stretch: normal; font-size: 7pt; line-height: normal; font-family: 'Times New Roman';\">\u00a0\u00a0\u00a0\u00a0 <\/span><\/span><!--[endif]--><span style=\"font-family: 'Times New Roman',serif; mso-fareast-font-family: 'Times New Roman'; mso-fareast-language: PL;\">prawo wniesienia skargi do Prezesa Urz\u0119du Ochrony Danych Osobowych<br \/>(ul. Stawki 2, 00-193 Warszawa), w\u00a0sytuacji, gdy uzna Pani\/Pan, <br \/>\u017ce przetwarzanie danych osobowych narusza przepisy og\u00f3lnego rozporz\u0105dzenia <br \/>o ochronie danych osobowych (RODO); <\/span><\/p><p style=\"mso-margin-top-alt: auto; mso-margin-bottom-alt: auto; margin-left: 35.45pt; text-align: justify; text-indent: -21.25pt; line-height: normal; mso-list: l2 level2 lfo2;\"><!-- [if !supportLists]--><span style=\"font-family: 'Times New Roman',serif; mso-fareast-font-family: 'Times New Roman'; mso-fareast-language: PL;\">8.<span style=\"font-variant-numeric: normal; font-variant-east-asian: normal; font-stretch: normal; font-size: 7pt; line-height: normal; font-family: 'Times New Roman';\">\u00a0\u00a0\u00a0\u00a0\u00a0\u00a0 <\/span><\/span><!--[endif]--><span style=\"font-family: 'Times New Roman',serif; mso-fareast-font-family: 'Times New Roman'; mso-fareast-language: PL;\">Podanie przez Pa\u0144stwa danych osobowych jest dobrowolne, jednak jest niezb\u0119dne do zawarcia umowy na \u015bwiadczenie us\u0142ug, natomiast konsekwencj\u0105 ich niepodania b\u0119dzie brak mo\u017cliwo\u015bci skorzystania, a tym samym zawarcia umowy.<\/span><\/p><p style=\"mso-margin-top-alt: auto; margin-bottom: 0cm; text-align: justify; line-height: normal;\">\u00a0<\/p><p style=\"mso-margin-top-alt: auto; mso-margin-bottom-alt: auto; margin-left: 35.45pt; text-align: justify; text-indent: -21.25pt; line-height: normal; mso-list: l2 level2 lfo2; tab-stops: list 35.45pt;\"><!-- [if !supportLists]-->9.<span style=\"font-variant-numeric: normal; font-variant-east-asian: normal; font-stretch: normal; font-size: 7pt; line-height: normal; font-family: 'Times New Roman';\">\u00a0\u00a0\u00a0\u00a0\u00a0\u00a0 <\/span><!--[endif]--><span style=\"font-family: 'Times New Roman',serif; mso-fareast-font-family: 'Times New Roman'; mso-fareast-language: PL;\">Pa\u0144stwa dane mog\u0105 zosta\u0107 przekazane podmiotom zewn\u0119trznym na podstawie umowy powierzenia przetwarzania danych osobowych, a tak\u017ce podmiotom lub organom uprawnionym na podstawie przepis\u00f3w prawa.<\/span><\/p>\t\t\t\t\t\t\t\t<\/div>\n\t\t\t\t<\/div>\n\t\t\t\t\t<\/div>\n\t\t<\/div>\n\t\t\t\t\t<\/div>\n\t\t<\/section>\n\t\t\t\t<\/div>\n\t\t","protected":false},"excerpt":{"rendered":"<p>OBOWI\u0104ZEK INFORMACYJNY Na podstawie art. 13 ust. 1 i 2 Rozporz\u0105dzenia Parlamentu Europejskiego i Rady (UE) 2016\/679 z 27 kwietnia 2016 r. w sprawie ochrony os\u00f3b fizycznych w zwi\u0105zku z przetwarzaniem danych osobowych i w sprawie swobodnego przep\u0142ywu takich danych oraz uchylenia dyrektywy 95\/46\/WE (Dz.U. UE.L. z 2016 r. Nr 119, s.1 ze zm.) &#8211; [&hellip;]<\/p>\n","protected":false},"author":1,"featured_media":0,"parent":0,"menu_order":0,"comment_status":"closed","ping_status":"closed","template":"elementor_header_footer","meta":{"_monsterinsights_skip_tracking":false,"_monsterinsights_sitenote_active":false,"_monsterinsights_sitenote_note":"","_monsterinsights_sitenote_category":0,"site-sidebar-layout":"no-sidebar","site-content-layout":"page-builder","ast-site-content-layout":"full-width-container","site-content-style":"unboxed","site-sidebar-style":"unboxed","ast-global-header-display":"","ast-banner-title-visibility":"","ast-main-header-display":"","ast-hfb-above-header-display":"","ast-hfb-below-header-display":"","ast-hfb-mobile-header-display":"","site-post-title":"disabled","ast-breadcrumbs-content":"","ast-featured-img":"disabled","footer-sml-layout":"","theme-transparent-header-meta":"enabled","adv-header-id-meta":"","stick-header-meta":"","header-above-stick-meta":"","header-main-stick-meta":"","header-below-stick-meta":"","astra-migrate-meta-layouts":"set","ast-page-background-enabled":"default","ast-page-background-meta":{"desktop":{"background-color":"","background-image":"","background-repeat":"repeat","background-position":"center center","background-size":"auto","background-attachment":"scroll","background-type":"","background-media":"","overlay-type":"","overlay-color":"","overlay-opacity":"","overlay-gradient":""},"tablet":{"background-color":"","background-image":"","background-repeat":"repeat","background-position":"center center","background-size":"auto","background-attachment":"scroll","background-type":"","background-media":"","overlay-type":"","overlay-color":"","overlay-opacity":"","overlay-gradient":""},"mobile":{"background-color":"","background-image":"","background-repeat":"repeat","background-position":"center center","background-size":"auto","background-attachment":"scroll","background-type":"","background-media":"","overlay-type":"","overlay-color":"","overlay-opacity":"","overlay-gradient":""}},"ast-content-background-meta":{"desktop":{"background-color":"var(--ast-global-color-5)","background-image":"","background-repeat":"repeat","background-position":"center center","background-size":"auto","background-attachment":"scroll","background-type":"","background-media":"","overlay-type":"","overlay-color":"","overlay-opacity":"","overlay-gradient":""},"tablet":{"background-color":"var(--ast-global-color-5)","background-image":"","background-repeat":"repeat","background-position":"center center","background-size":"auto","background-attachment":"scroll","background-type":"","background-media":"","overlay-type":"","overlay-color":"","overlay-opacity":"","overlay-gradient":""},"mobile":{"background-color":"var(--ast-global-color-5)","background-image":"","background-repeat":"repeat","background-position":"center center","background-size":"auto","background-attachment":"scroll","background-type":"","background-media":"","overlay-type":"","overlay-color":"","overlay-opacity":"","overlay-gradient":""}},"footnotes":""},"class_list":["post-833","page","type-page","status-publish","hentry"],"aioseo_notices":[],"_links":{"self":[{"href":"https:\/\/campingtatarak.pl\/en\/wp-json\/wp\/v2\/pages\/833"}],"collection":[{"href":"https:\/\/campingtatarak.pl\/en\/wp-json\/wp\/v2\/pages"}],"about":[{"href":"https:\/\/campingtatarak.pl\/en\/wp-json\/wp\/v2\/types\/page"}],"author":[{"embeddable":true,"href":"https:\/\/campingtatarak.pl\/en\/wp-json\/wp\/v2\/users\/1"}],"replies":[{"embeddable":true,"href":"https:\/\/campingtatarak.pl\/en\/wp-json\/wp\/v2\/comments?post=833"}],"version-history":[{"count":29,"href":"https:\/\/campingtatarak.pl\/en\/wp-json\/wp\/v2\/pages\/833\/revisions"}],"predecessor-version":[{"id":1057,"href":"https:\/\/campingtatarak.pl\/en\/wp-json\/wp\/v2\/pages\/833\/revisions\/1057"}],"wp:attachment":[{"href":"https:\/\/campingtatarak.pl\/en\/wp-json\/wp\/v2\/media?parent=833"}],"curies":[{"name":"wp","href":"https:\/\/api.w.org\/{rel}","templated":true}]}}